{"id":985,"date":"2023-01-17T10:56:45","date_gmt":"2023-01-17T09:56:45","guid":{"rendered":"https:\/\/wordpress2247041.home.pl\/test\/domain\/?page_id=985"},"modified":"2023-06-04T15:25:29","modified_gmt":"2023-06-04T13:25:29","slug":"rodo","status":"publish","type":"page","link":"https:\/\/anterisubezpieczenia.pl\/index.php\/rodo\/","title":{"rendered":"RODO"},"content":{"rendered":"\t\t<div data-elementor-type=\"wp-page\" data-elementor-id=\"985\" class=\"elementor elementor-985\">\n\t\t\t\t\t\t\t\t\t<section class=\"elementor-section elementor-top-section elementor-element elementor-element-1221404 elementor-section-boxed elementor-section-height-default elementor-section-height-default\" data-id=\"1221404\" data-element_type=\"section\">\n\t\t\t\t\t\t<div class=\"elementor-container elementor-column-gap-default\">\n\t\t\t\t\t<div class=\"elementor-column elementor-col-100 elementor-top-column elementor-element elementor-element-07370c6\" data-id=\"07370c6\" data-element_type=\"column\">\n\t\t\t<div class=\"elementor-widget-wrap elementor-element-populated\">\n\t\t\t\t\t\t\t\t<div class=\"elementor-element elementor-element-e464b06 elementor-widget elementor-widget-text-editor\" data-id=\"e464b06\" data-element_type=\"widget\" data-widget_type=\"text-editor.default\">\n\t\t\t\t<div class=\"elementor-widget-container\">\n\t\t\t<style>\/*! elementor - v3.14.0 - 26-06-2023 *\/\n.elementor-widget-text-editor.elementor-drop-cap-view-stacked .elementor-drop-cap{background-color:#69727d;color:#fff}.elementor-widget-text-editor.elementor-drop-cap-view-framed .elementor-drop-cap{color:#69727d;border:3px solid;background-color:transparent}.elementor-widget-text-editor:not(.elementor-drop-cap-view-default) .elementor-drop-cap{margin-top:8px}.elementor-widget-text-editor:not(.elementor-drop-cap-view-default) .elementor-drop-cap-letter{width:1em;height:1em}.elementor-widget-text-editor .elementor-drop-cap{float:left;text-align:center;line-height:1;font-size:50px}.elementor-widget-text-editor .elementor-drop-cap-letter{display:inline-block}<\/style>\t\t\t\t<pre><strong>KLAUZLA INFORMACYJNA ADMINISTRATORA DANYCH OSOBOWYCH<\/strong><\/pre><p>Zgodnie z art. 13 ust. 1 &#8211; 2 (dane zbierane bezpo\u015brednio) rozporz\u0105dzenia Parlamentu Europejskiego i Rady (UE) 2016\/679 z 27.04.2016 r. w sprawie ochrony os\u00f3b fizycznych w zwi\u0105zku z przetwarzaniem danych osobowych i w sprawie swobodnego przep\u0142ywu takich danych oraz uchylenia dyrektywy 95\/46\/WE (og\u00f3lne rozporz\u0105dzenie o ochronie danych) (Dz.Urz. UE L 119, s. 1) &#8211; dalej RODO &#8211; informujemy, \u017ce:<\/p><ol><li><strong>Administrator danych osobowych<\/strong><\/li><\/ol><p>Biuro Us\u0142ug Finansowych Waleria\u0144czyk Joanna, z siedzib\u0105 w Koninie przy Alejach 1 Maja 11\/17, jest Administratorem<\/p><p>Twoich\/Waszych danych osobowych.<\/p><ol start=\"2\"><li><strong>Inspektor Ochrony Danych<\/strong><\/li><\/ol><p>Wyznaczyli\u015bmy Inspektora Ochrony Danych, z kt\u00f3rym mo\u017cesz si\u0119 skontaktowa\u0107 w sprawach ochrony swoich danych osobowych przez formularz kontaktowy na stronie www.anterisubezpieczenia.pl, pod e-mailem buf.konin@wp.pl, pod numerem telefonu 500050233 lub pisemnie na adres naszej siedziby, wskazany w pkt. 1.<\/p><ol start=\"3\"><li><strong>Cele i podstawy przetwarzania danych osobowych<\/strong><\/li><\/ol><p>B\u0119dziemy przetwarza\u0107 Twoje\/Wasze dane osobowe w celu:<\/p><ul><li>zawarcia umowy, gdy\u017c ich przetwarzanie jest niezb\u0119dne do podj\u0119cia dzia\u0142a\u0144, na \u017c\u0105danie osoby, kt\u00f3rej dane dotycz\u0105 przed zawarciem umowy (art. 6 ust. 1 lit. b RODO), gdy\u017c ich przetwarzanie jest niezb\u0119dne do cel\u00f3w wynikaj\u0105cych z prawnie uzasadnionego interesu realizowanego przez administratora, jakim jest mo\u017cliwo\u015b\u0107 podejmowania dzia\u0142a\u0144 przed zawarciem umowy w odniesieniu do danych os\u00f3b, kt\u00f3re nie b\u0119d\u0105 jej stron\u0105 (art. 6 ust. 1 lit. f RODO),<\/li><\/ul><ul><li>okre\u015blenia Twoich\/Waszych wymaga\u0144 i potrzeb przed zawarciem umowy ubezpieczenia, gdy\u017c ich przetwarzanie jest niezb\u0119dne do wype\u0142nienia obowi\u0105zku prawnego ci\u0105\u017c\u0105cego na administratorze (art. 6 ust. 1 lit. c RODO), jakim jest obowi\u0105zek wynikaj\u0105cy z art. 8 ust. 1 i ust. 3 ustawy z dnia 15 grudnia 2017 r. o dystrybucji ubezpiecze\u0144, a tak\u017ce w celach analitycznych w tym profilowania w zwi\u0105zku z realizacj\u0105 tego obowi\u0105zku, gdy\u017c ich przetwarzanie jest niezb\u0119dne do cel\u00f3w wynikaj\u0105cych z prawnie uzasadnionego interesu realizowanego przez administratora jakim jest zaproponowanie Tobie\/Wam produktu ubezpieczeniowego najbardziej odpowiedniego do Twoich\/Waszych wymaga\u0144 i potrzeb (art. 6 ust. 1 lit. f RODO),<\/li><\/ul><ul><li>mo\u017cliwo\u015bci zastosowania \u015brodk\u00f3w bezpiecze\u0144stwa finansowego, gdy\u017c ich przetwarzanie jest niezb\u0119dne do wype\u0142nienia obowi\u0105zku prawnego ci\u0105\u017c\u0105cego na administratorze (art. 6 ust. 1 lit. c RODO), jakim jest obowi\u0105zek wynikaj\u0105cy z art. 34 ustawy z dnia 1 marca 2018 r. o przeciwdzia\u0142aniu praniu pieni\u0119dzy oraz finansowaniu terroryzmu,<\/li><\/ul><ul><li>rozpatrzenia ewentualnie zg\u0142oszonej reklamacji, gdy\u017c ich przetwarzanie jest niezb\u0119dne do wype\u0142nienia obowi\u0105zku prawnego ci\u0105\u017c\u0105cego na administratorze (art. 6 ust. 1 lit. c RODO), jakim jest obowi\u0105zek wynikaj\u0105cy z art. 16 ust. 2 ustawy z dnia 15 grudnia 2017 r. o dystrybucji ubezpiecze\u0144 oraz z art. 5 ust. 1 w zw. z art. 2 pkt 3 lit. l ustawy z dnia 5 sierpnia 2015 r. o rozpatrywaniu reklamacji przez podmioty rynku finansowego i o Rzeczniku Finansowym,<\/li><\/ul><ul><li>wype\u0142nienia obowi\u0105zk\u00f3w wynikaj\u0105cych z ustawy o rachunkowo\u015bci, gdy\u017c ich przetwarzanie jest niezb\u0119dne do wype\u0142nienia obowi\u0105zku prawnego ci\u0105\u017c\u0105cego na administratorze (art. 6 ust. 1 lit. c RODO),<\/li><\/ul><ul><li>ewentualnego ustalenia, dochodzenia lub obrony przed roszczeniami, gdy\u017c ich przetwarzanie jest niezb\u0119dne do cel\u00f3w wynikaj\u0105cych z prawnie uzasadnionego interesu realizowanego przez administratora jakimi jest zapewnienie mo\u017cliwo\u015bci ustalenia, dochodzenia lub obrony przed roszczeniami (art. 6 ust. 1 lit. f RODO),<\/li><\/ul><ul><li>przedstawienia oferty marketingowej produkt\u00f3w ubezpieczeniowych zak\u0142ad\u00f3w ubezpiecze\u0144 wsp\u00f3\u0142pracuj\u0105cych z Asist Sp. z o.o. na podstawie udzielonej przez Ciebie zgody (art. 6 ust. 1 lit. a RODO), a tak\u017ce w celach analitycznych, w tym profilowania, gdy\u017c ich przetwarzanie jest niezb\u0119dne do cel\u00f3w wynikaj\u0105cych z prawnie uzasadnionego interesu realizowanego przez administratora jakim jest zaproponowanie Tobie\/Wam produktu ubezpieczeniowego najbardziej odpowiedniego do<\/li><\/ul><p>Twoich\/Waszych wymaga\u0144 i potrzeb (art. 6 ust. 1 lit. f RODO).<\/p><ol start=\"4\"><li><strong>Okres przechowywania danych<\/strong><\/li><\/ol><p>Twoje\/Wasze dane osobowe b\u0119dziemy przechowywa\u0107 wy\u0142\u0105cznie przez czas niezb\u0119dny do osi\u0105gni\u0119cia cel\u00f3w, dla kt\u00f3rych dane te s\u0105 gromadzone, do momentu przedawnienia roszcze\u0144 lub do momentu wyga\u015bni\u0119cia obowi\u0105zku przechowywania danych wynikaj\u0105cego z przepis\u00f3w prawa. Dane osobowe przetwarzane na podstawie art. 6 ust. 1 lit f RODO b\u0119dziemy przechowywa\u0107 do<\/p><p>Biuro Us\u0142ug Finansowych Waleria\u0144czyk Joanna, z siedzib\u0105 w Koninie przy Alejach 1 Maja 11\/17, NIP:6651850487 REGON:301641602, www.anterisubezpieczenia.pl,<br \/>tel. 500050233<\/p><p>momentu wniesienia sprzeciwu, chyba \u017ce zaistniej\u0105 przes\u0142anki okre\u015blone w art. 21 ust.1 RODO do ich dalszego przetwarzania, a je\u015bli udzielono zgody na ich przetwarzanie &#8211; do momentu jej wycofania (art. 7 pkt 3 RODO).<\/p><ol start=\"5\"><li><strong>Prawa os\u00f3b, kt\u00f3rych dane dotycz\u0105 <\/strong>Zgodnie z RODO, przys\u0142uguje Tobie\/Wam:<ul><li>prawo dost\u0119pu do swoich danych oraz otrzymania ich kopii,<\/li><\/ul><\/li><\/ol><ul><li>prawo do sprostowania (poprawiania) swoich danych,<\/li><\/ul><ul><li>prawo do usuni\u0119cia danych, ograniczenia przetwarzania danych,<\/li><\/ul><ul><li>prawo do przenoszenia danych,<\/li><\/ul><ul><li>prawo do wniesienia skargi do organu nadzorczego,<\/li><\/ul><ul><li>prawo do wniesienia sprzeciwu,<\/li><\/ul><ul><li>prawo do cofni\u0119cia zgody w dowolnym momencie bez wp\u0142ywu na zgodno\u015b\u0107 z prawem przetwarzania, kt\u00f3rego dokonano na podstawie zgody przed jej cofni\u0119ciem, o ile zgody udzielono.<\/li><\/ul><ol start=\"6\"><li><strong>Informacja o wymogu podania danych<\/strong><\/li><\/ol><p>Podanie danych osobowych jest niezb\u0119dnym warunkiem do podj\u0119cia dzia\u0142a\u0144 przed zawarciem umowy ubezpieczenia i wype\u0142nienia obowi\u0105zk\u00f3w prawnych ci\u0105\u017c\u0105cych na administratorze zwi\u0105zanych z ich podejmowaniem. Bez podania danych osobowych nie jest mo\u017cliwe zawarcie umowy ubezpieczenia. Podanie danych osobowych w celu marketingowym na podstawie art. 6 ust. 1 lit. a RODO ma charakter dobrowolny.<\/p><ol start=\"7\"><li><strong>Odbiorcy danych<\/strong><\/li><\/ol><p>Informujemy, i\u017c do Twoje\/Wasze dane osobowe mog\u0105 by\u0107 udost\u0119pnione:<\/p><ul><li>podmiotom przetwarzaj\u0105cym te dane w naszym imieniu w rozumieniu art. 28 RODO, w tym m.in. dostawcom us\u0142ug IT, przy czym podmioty takie zobowi\u0105zane s\u0105 przetwarza\u0107 dane osobowe na podstawie umowy zawartej z administratorem i wy\u0142\u0105cznie zgodnie z jego poleceniami,<\/li><\/ul><ul><li>podmiotom i organom upowa\u017cnionym do przetwarzania tych danych na podstawie przepis\u00f3w prawa,<\/li><\/ul><ul><li>zak\u0142adom ubezpiecze\u0144 i towarzystwom funduszy inwestycyjnych wsp\u00f3\u0142pracuj\u0105cym z Biuro Us\u0142ug Finansowych Waleria\u0144czyk Joanna.<\/li><\/ul><ol start=\"8\"><li><strong>Zautomatyzowane podejmowanie decyzji<\/strong><\/li><\/ol><p>Informujemy, \u017ce w stosunku do Twoich\/Waszych danych osobowych, na etapie, na kt\u00f3rym jeste\u015bmy administratorem, nie b\u0119d\u0105 podejmowane zautomatyzowane decyzje, ale dane te, w tym m.in.: imi\u0119, nazwisko, adres, nr PESEL, dane szczeg\u00f3\u0142owe w zakresie wymaga\u0144 i potrzeb mog\u0105 by\u0107 profilowane w celach analitycznych oraz w celu zaproponowania produktu ubezpieczeniowego najbardziej odpowiedniego wg. tych kryteri\u00f3w.<\/p><p>Biuro Us\u0142ug Finansowych Waleria\u0144czyk Joanna, z siedzib\u0105 w Koninie przy Alejach 1 Maja 11\/17, NIP:6651850487 REGON:301641602, www.anterisubezpieczenia.pl,<br \/>tel. 500050233<\/p>\t\t\t\t\t\t<\/div>\n\t\t\t\t<\/div>\n\t\t\t\t\t<\/div>\n\t\t<\/div>\n\t\t\t\t\t\t\t<\/div>\n\t\t<\/section>\n\t\t\t\t\t\t\t<\/div>\n\t\t","protected":false},"excerpt":{"rendered":"<p>KLAUZLA INFORMACYJNA ADMINISTRATORA DANYCH OSOBOWYCH Zgodnie z art. 13 ust. 1 &#8211; 2 (dane zbierane bezpo\u015brednio) rozporz\u0105dzenia Parlamentu Europejskiego i Rady (UE) 2016\/679 z 27.04.2016 r. w sprawie ochrony os\u00f3b fizycznych w zwi\u0105zku z przetwarzaniem danych osobowych i w sprawie swobodnego przep\u0142ywu takich danych oraz uchylenia dyrektywy 95\/46\/WE (og\u00f3lne rozporz\u0105dzenie o ochronie danych) (Dz.Urz. UE L 119, s. 1) &#8211; dalej RODO &#8211; informujemy, \u017ce: Administrator danych osobowych Biuro Us\u0142ug Finansowych Waleria\u0144czyk Joanna, z siedzib\u0105 w Koninie przy Alejach 1 Maja 11\/17, jest Administratorem Twoich\/Waszych danych osobowych. Inspektor Ochrony Danych Wyznaczyli\u015bmy Inspektora Ochrony Danych, z kt\u00f3rym mo\u017cesz si\u0119 skontaktowa\u0107 w\u2026<\/p>\n","protected":false},"author":1,"featured_media":0,"parent":0,"menu_order":0,"comment_status":"closed","ping_status":"closed","template":"","meta":{"_eb_attr":"","om_disable_all_campaigns":false,"_mi_skip_tracking":false,"_monsterinsights_sitenote_active":false,"_monsterinsights_sitenote_note":"","_monsterinsights_sitenote_category":0},"blocksy_meta":{"styles_descriptor":{"styles":{"desktop":"","tablet":"","mobile":""},"google_fonts":[],"version":5}},"aioseo_notices":[],"_links":{"self":[{"href":"https:\/\/anterisubezpieczenia.pl\/index.php\/wp-json\/wp\/v2\/pages\/985"}],"collection":[{"href":"https:\/\/anterisubezpieczenia.pl\/index.php\/wp-json\/wp\/v2\/pages"}],"about":[{"href":"https:\/\/anterisubezpieczenia.pl\/index.php\/wp-json\/wp\/v2\/types\/page"}],"author":[{"embeddable":true,"href":"https:\/\/anterisubezpieczenia.pl\/index.php\/wp-json\/wp\/v2\/users\/1"}],"replies":[{"embeddable":true,"href":"https:\/\/anterisubezpieczenia.pl\/index.php\/wp-json\/wp\/v2\/comments?post=985"}],"version-history":[{"count":5,"href":"https:\/\/anterisubezpieczenia.pl\/index.php\/wp-json\/wp\/v2\/pages\/985\/revisions"}],"predecessor-version":[{"id":1244,"href":"https:\/\/anterisubezpieczenia.pl\/index.php\/wp-json\/wp\/v2\/pages\/985\/revisions\/1244"}],"wp:attachment":[{"href":"https:\/\/anterisubezpieczenia.pl\/index.php\/wp-json\/wp\/v2\/media?parent=985"}],"curies":[{"name":"wp","href":"https:\/\/api.w.org\/{rel}","templated":true}]}}