{"id":974,"date":"2023-01-17T10:45:02","date_gmt":"2023-01-17T09:45:02","guid":{"rendered":"https:\/\/anterisubezpieczenia.pl\/?page_id=974"},"modified":"2023-06-04T15:25:34","modified_gmt":"2023-06-04T13:25:34","slug":"agent-ubezpieczeniowy","status":"publish","type":"page","link":"https:\/\/anterisubezpieczenia.pl\/index.php\/agent-ubezpieczeniowy\/","title":{"rendered":"Agent Ubezpieczeniowy"},"content":{"rendered":"\t\t<div data-elementor-type=\"wp-page\" data-elementor-id=\"974\" class=\"elementor elementor-974\">\n\t\t\t\t\t\t\t\t\t<section class=\"elementor-section elementor-top-section elementor-element elementor-element-2334fb5 elementor-section-boxed elementor-section-height-default elementor-section-height-default\" data-id=\"2334fb5\" data-element_type=\"section\">\n\t\t\t\t\t\t<div class=\"elementor-container elementor-column-gap-default\">\n\t\t\t\t\t<div class=\"elementor-column elementor-col-100 elementor-top-column elementor-element elementor-element-d14c457\" data-id=\"d14c457\" data-element_type=\"column\">\n\t\t\t<div class=\"elementor-widget-wrap elementor-element-populated\">\n\t\t\t\t\t\t\t\t<div class=\"elementor-element elementor-element-2e9c24f elementor-widget elementor-widget-text-editor\" data-id=\"2e9c24f\" data-element_type=\"widget\" data-widget_type=\"text-editor.default\">\n\t\t\t\t<div class=\"elementor-widget-container\">\n\t\t\t<style>\/*! elementor - v3.14.0 - 26-06-2023 *\/\n.elementor-widget-text-editor.elementor-drop-cap-view-stacked .elementor-drop-cap{background-color:#69727d;color:#fff}.elementor-widget-text-editor.elementor-drop-cap-view-framed .elementor-drop-cap{color:#69727d;border:3px solid;background-color:transparent}.elementor-widget-text-editor:not(.elementor-drop-cap-view-default) .elementor-drop-cap{margin-top:8px}.elementor-widget-text-editor:not(.elementor-drop-cap-view-default) .elementor-drop-cap-letter{width:1em;height:1em}.elementor-widget-text-editor .elementor-drop-cap{float:left;text-align:center;line-height:1;font-size:50px}.elementor-widget-text-editor .elementor-drop-cap-letter{display:inline-block}<\/style>\t\t\t\t<p><strong>INFORMACJA DOTYCZ\u0104CA AGENTA UBEZPIECZENIOWEGO<\/strong><\/p><p><strong>Okre\u015blenie agenta<\/strong><strong> ubezpieczeniowego<\/strong><\/p><p><strong>Biuro Us\u0142ug Finansowych Waleria\u0144czyk Joanna<\/strong><\/p><p><strong>Aleje 1 Maja 11\/17, 62-510 Konin<\/strong><\/p><p>Obszar dzia\u0142ania agenta ubezpieczeniowego: Rzeczpospolita Polska<\/p><p>Nr wpisu do rejestru agent\u00f3w ubezpieczeniowych prowadzonego przez Komisj\u0119 Nadzoru Finansowego: 11200143\/A<\/p><p><strong>Spos\u00f3b sprawdzenia wpisu do rejestru.<\/strong><\/p><p>Informacj\u0119 o wpisie do rejestru mo\u017cna uzyska\u0107 na zasadach okre\u015blonych w rozporz\u0105dzeniu Ministra Finans\u00f3w z dnia 27 grudnia 2018 r. w sprawie prowadzenia rejestru po\u015brednik\u00f3w ubezpieczeniowych oraz udost\u0119pniania informacji z tego rejestru (Dz.U. 2018 poz. 2467), to jest poprzez wype\u0142nienie formularza elektronicznego dost\u0119pnego pod adresem: <a href=\"https:\/\/rpu.knf.gov.pl\/search\/agent\">https:\/\/rpu.knf.gov.pl\/search\/agent.<\/a><\/p><p><strong>Informacja o posiadanych akcjach lub udzia\u0142ach.<\/strong><\/p><p>Agent ubezpieczeniowy nie posiada akcji ani udzia\u0142\u00f3w zak\u0142adu ubezpiecze\u0144 uprawniaj\u0105cych, co najmniej do 10 % g\u0142os\u00f3w na walnym zgromadzeniu albo zgromadzeniu wsp\u00f3lnik\u00f3w. Zak\u0142ad ubezpiecze\u0144 nie posiada akcji ani udzia\u0142\u00f3w agenta ubezpieczeniowego uprawniaj\u0105cych, co najmniej do 10% g\u0142os\u00f3w na walnym zgromadzeniu albo zgromadzeniu wsp\u00f3lnik\u00f3w.<\/p><p><strong>Informacja o zak\u0142adach ubezpiecze\u0144, na rzecz kt\u00f3rych wykonuje dzia\u0142alno\u015b\u0107 agencyjn\u0105.<\/strong><\/p><p>&#8222;TUZ&#8221; Towarzystwo Ubezpiecze\u0144 Wzajemnych, Aviva Towarzystwo Ubezpiecze\u0144 na \u017bycie S.A., Aviva Towarzystwo Ubezpiecze\u0144 Og\u00f3lnych S.A., Vienna Insurance Group, Compensa Towarzystwo Ubezpiecze\u0144 S.A. Vienna Insurance Group, Generali Towarzystwo Ubezpiecze\u0144 S.A., Generali \u017bycie Towarzystwo Ubezpiecze\u0144 S.A., Interrisk Towarzystwo Ubezpiecze\u0144 S.A. Vienna Insurance Group, Link4 Towarzystwo Ubezpiecze\u0144 S.A., Powszechny Zak\u0142ad Ubezpiecze\u0144 na \u017bycie S.A., Powszechny Zak\u0142ad Ubezpiecze\u0144 S.A.,<\/p><p>Sopockie Towarzystwo Ubezpiecze\u0144 Ergo Hestia S.A., Sopockie Towarzystwo Ubezpiecze\u0144 na \u017bycie Ergo Hestia S.A., Towarzystwo Ubezpiecze\u0144 i Reasekuracji Allianz Polska S.A., Towarzystwo Ubezpiecze\u0144 i Reasekuracji Warta S.A., Towarzystwo Ubezpiecze\u0144 Inter Polska S.A., Towarzystwo Ubezpiecze\u0144 Inter-\u017bycie Polska S.A., Towarzystwo Ubezpiecze\u0144 na \u017bycie Warta S.A., Uniqa Towarzystwo Ubezpiecze\u0144 na \u017bycie S.A., Uniqa Towarzystwo Ubezpiecze\u0144 S.A., Wiener Towarzystwo Ubezpiecze\u0144 S.A. Vienna Insurance Group<\/p><p><strong>Informacja o charakterze wynagrodzenia otrzymywanego w zwi\u0105zku z proponowanym zawarciem umowy ubezpieczenia.<\/strong><\/p><p>Agent ubezpieczeniowy otrzymuje prowizj\u0119 dowolnego rodzaju uwzgl\u0119dnion\u0105 w kwocie sk\u0142adki ubezpieczeniowej; inne rodzaje wynagrodzenia oraz wynagrodzenie stanowi\u0105ce po\u0142\u0105czenie wcze\u015bniej wymienionych rodzaj\u00f3w wynagrodzenia. Nie jest pobierane honorarium od klienta.<\/p><p><strong>Informacja o mo\u017cliwo\u015bci z\u0142o\u017cenia reklamacji, wniesienia skargi oraz pozas\u0105dowego rozwi\u0105zywania spor\u00f3w.<\/strong><\/p><p>W zakresie zwi\u0105zanym z udzielan\u0105 ochron\u0105 ubezpieczeniow\u0105 reklamacj\u0119 lub skarg\u0119 nale\u017cy z\u0142o\u017cy\u0107 w\u0142a\u015bciwemu zak\u0142adowi ubezpiecze\u0144 w spos\u00f3b przez niego okre\u015blony w informacji o produkcie ubezpieczeniowym, og\u00f3lnych warunkach ubezpiecze\u0144 lub na stronie internetowej ubezpieczyciela.<\/p><p>Agent ubezpieczeniowy rozpatruje reklamacj\u0119 lub skarg\u0119 klienta b\u0119d\u0105cego osob\u0105 fizyczn\u0105, osob\u0105 prawn\u0105 lub sp\u00f3\u0142k\u0105 nieposiadaj\u0105c\u0105 osobowo\u015bci prawnej w zakresie niezwi\u0105zanym z udzielan\u0105 ochron\u0105 ubezpieczeniow\u0105.<\/p><ul><li>Reklamacja lub skarga mo\u017ce zosta\u0107 z\u0142o\u017cona w siedzibie Agenta lub jego jednostkach obs\u0142uguj\u0105cych klient\u00f3w: na pi\u015bmie (osobi\u015bcie albo przesy\u0142k\u0105 pocztow\u0105 na adres Agenta); na adres do dor\u0119cze\u0144 elektronicznych; ustnie (telefonicznie dzwoni\u0105c na numer telefonu 58 500 5000 albo osobi\u015bcie do protoko\u0142u); w postaci elektronicznej (na adres buf.konin@wp.pl).<\/li><\/ul><ul><li>Rozpatrzenie reklamacji lub skargi i udzielenie odpowiedzi nast\u0105pi\u0105 bez zb\u0119dnej zw\u0142oki, jednak nie p\u00f3\u017aniej ni\u017c w terminie 30 dni od dnia otrzymania reklamacji lub skargi. Do zachowania ww. terminu wystarczy wys\u0142anie odpowiedzi do klienta przed jego up\u0142ywem. W szczeg\u00f3lnie skomplikowanych przypadkach uniemo\u017cliwiaj\u0105cych rozpatrzenie reklamacji lub skargi i udzielenie odpowiedzi w ci\u0105gu 30 dni, termin rozpatrzenia reklamacji lub skargi i udzielenie odpowiedzi mog\u0105 zosta\u0107 wyd\u0142u\u017cone do 60 dni od dnia otrzymania reklamacji lub skargi. Informacja do klienta z przewidywanym terminem rozpatrzenia reklamacji lub skargi i udzielenia odpowiedzi wskazywa\u0107 b\u0119dzie przyczyn\u0119 op\u00f3\u017anienia oraz okoliczno\u015bci, kt\u00f3re musz\u0105 zosta\u0107 ustalone dla rozpatrzenia sprawy.<\/li><\/ul><ul><li>Odpowied\u017a na reklamacj\u0119 lub skarg\u0119 b\u0119dzie udzielona w postaci papierowej lub za pomoc\u0105 innego trwa\u0142ego no\u015bnika informacji, z zastrze\u017ceniem, \u017ce w stosunku do klienta b\u0119d\u0105cego osob\u0105 fizyczn\u0105, odpowied\u017a b\u0119dzie udzielona na pi\u015bmie, a na jego wy\u0142\u0105czny wniosek mo\u017ce by\u0107 ona dostarczona poczt\u0105 elektroniczn\u0105.<\/li><\/ul><ul><li>Osobie fizycznej, kt\u00f3ra z\u0142o\u017cy\u0142a reklamacj\u0119 przys\u0142uguje prawo wniesienia do Rzecznika Finansowego wniosku dotycz\u0105cego: nieuwzgl\u0119dnienia roszcze\u0144 w trybie rozpatrywania reklamacji; niewykonania czynno\u015bci wynikaj\u0105cych z reklamacji rozpatrzonej zgodnie z wol\u0105 tej osoby w terminie okre\u015blonym w odpowiedzi na t\u0119 reklamacj\u0119.<\/li><\/ul><ul><li>Reklamacje uregulowane s\u0105 w ustawie o rozpatrywaniu reklamacji przez podmioty rynku finansowego i Rzeczniku Finansowym oraz w ustawie o dystrybucji ubezpiecze\u0144.<\/li><\/ul><ul><li>Agent ubezpieczeniowy przewiduje mo\u017cliwo\u015b\u0107 pozas\u0105dowego rozpatrywania spor\u00f3w.<\/li><\/ul><ul><li>Podmiotem uprawnionym w rozumieniu ustawy o pozas\u0105dowym rozpatrywaniu spor\u00f3w konsumenckich, w\u0142a\u015bciwym dla Agenta do pozas\u0105dowego rozpatrywania spor\u00f3w, jest Rzecznik Finansowy (www.rf.gov.pl).<\/li><\/ul>\t\t\t\t\t\t<\/div>\n\t\t\t\t<\/div>\n\t\t\t\t\t<\/div>\n\t\t<\/div>\n\t\t\t\t\t\t\t<\/div>\n\t\t<\/section>\n\t\t\t\t\t\t\t<\/div>\n\t\t","protected":false},"excerpt":{"rendered":"<p>INFORMACJA DOTYCZ\u0104CA AGENTA UBEZPIECZENIOWEGO Okre\u015blenie agenta ubezpieczeniowego Biuro Us\u0142ug Finansowych Waleria\u0144czyk Joanna Aleje 1 Maja 11\/17, 62-510 Konin Obszar dzia\u0142ania agenta ubezpieczeniowego: Rzeczpospolita Polska Nr wpisu do rejestru agent\u00f3w ubezpieczeniowych prowadzonego przez Komisj\u0119 Nadzoru Finansowego: 11200143\/A Spos\u00f3b sprawdzenia wpisu do rejestru. Informacj\u0119 o wpisie do rejestru mo\u017cna uzyska\u0107 na zasadach okre\u015blonych w rozporz\u0105dzeniu Ministra Finans\u00f3w z dnia 27 grudnia 2018 r. w sprawie prowadzenia rejestru po\u015brednik\u00f3w ubezpieczeniowych oraz udost\u0119pniania informacji z tego rejestru (Dz.U. 2018 poz. 2467), to jest poprzez wype\u0142nienie formularza elektronicznego dost\u0119pnego pod adresem: https:\/\/rpu.knf.gov.pl\/search\/agent. Informacja o posiadanych akcjach lub udzia\u0142ach. Agent ubezpieczeniowy nie posiada akcji ani udzia\u0142\u00f3w\u2026<\/p>\n","protected":false},"author":1,"featured_media":0,"parent":0,"menu_order":0,"comment_status":"closed","ping_status":"closed","template":"","meta":{"_eb_attr":"","om_disable_all_campaigns":false,"_mi_skip_tracking":false,"_monsterinsights_sitenote_active":false,"_monsterinsights_sitenote_note":"","_monsterinsights_sitenote_category":0},"blocksy_meta":{"styles_descriptor":{"styles":{"desktop":"","tablet":"","mobile":""},"google_fonts":[],"version":5}},"aioseo_notices":[],"_links":{"self":[{"href":"https:\/\/anterisubezpieczenia.pl\/index.php\/wp-json\/wp\/v2\/pages\/974"}],"collection":[{"href":"https:\/\/anterisubezpieczenia.pl\/index.php\/wp-json\/wp\/v2\/pages"}],"about":[{"href":"https:\/\/anterisubezpieczenia.pl\/index.php\/wp-json\/wp\/v2\/types\/page"}],"author":[{"embeddable":true,"href":"https:\/\/anterisubezpieczenia.pl\/index.php\/wp-json\/wp\/v2\/users\/1"}],"replies":[{"embeddable":true,"href":"https:\/\/anterisubezpieczenia.pl\/index.php\/wp-json\/wp\/v2\/comments?post=974"}],"version-history":[{"count":11,"href":"https:\/\/anterisubezpieczenia.pl\/index.php\/wp-json\/wp\/v2\/pages\/974\/revisions"}],"predecessor-version":[{"id":1245,"href":"https:\/\/anterisubezpieczenia.pl\/index.php\/wp-json\/wp\/v2\/pages\/974\/revisions\/1245"}],"wp:attachment":[{"href":"https:\/\/anterisubezpieczenia.pl\/index.php\/wp-json\/wp\/v2\/media?parent=974"}],"curies":[{"name":"wp","href":"https:\/\/api.w.org\/{rel}","templated":true}]}}