{"id":817,"date":"2022-12-28T09:32:04","date_gmt":"2022-12-28T08:32:04","guid":{"rendered":"https:\/\/anterisubezpieczenia.pl\/?page_id=817"},"modified":"2023-06-04T15:16:43","modified_gmt":"2023-06-04T13:16:43","slug":"formularz-nieruchomosci","status":"publish","type":"page","link":"https:\/\/anterisubezpieczenia.pl\/index.php\/formularz\/formularz-nieruchomosci\/","title":{"rendered":"Formularz nieruchomo\u015bci"},"content":{"rendered":"\t\t<div data-elementor-type=\"wp-page\" data-elementor-id=\"817\" class=\"elementor elementor-817\">\n\t\t\t\t\t\t\t\t\t<section class=\"elementor-section elementor-top-section elementor-element elementor-element-663f3985 ct-section-stretched elementor-section-full_width elementor-section-height-default elementor-section-height-default\" data-id=\"663f3985\" data-element_type=\"section\" data-settings=\"{&quot;background_background&quot;:&quot;classic&quot;}\">\n\t\t\t\t\t\t<div class=\"elementor-container elementor-column-gap-default\">\n\t\t\t\t\t<div class=\"elementor-column elementor-col-100 elementor-top-column elementor-element elementor-element-708174ce\" data-id=\"708174ce\" data-element_type=\"column\">\n\t\t\t<div class=\"elementor-widget-wrap elementor-element-populated\">\n\t\t\t\t\t\t\t\t<div class=\"elementor-element elementor-element-25f3478f elementor-widget elementor-widget-heading\" data-id=\"25f3478f\" data-element_type=\"widget\" data-widget_type=\"heading.default\">\n\t\t\t\t<div class=\"elementor-widget-container\">\n\t\t\t<style>\/*! elementor - v3.14.0 - 26-06-2023 *\/\n.elementor-heading-title{padding:0;margin:0;line-height:1}.elementor-widget-heading .elementor-heading-title[class*=elementor-size-]>a{color:inherit;font-size:inherit;line-height:inherit}.elementor-widget-heading .elementor-heading-title.elementor-size-small{font-size:15px}.elementor-widget-heading .elementor-heading-title.elementor-size-medium{font-size:19px}.elementor-widget-heading .elementor-heading-title.elementor-size-large{font-size:29px}.elementor-widget-heading .elementor-heading-title.elementor-size-xl{font-size:39px}.elementor-widget-heading .elementor-heading-title.elementor-size-xxl{font-size:59px}<\/style><h1 class=\"elementor-heading-title elementor-size-default\">Poznaj nasze ubezpieczenia\n<\/h1>\t\t<\/div>\n\t\t\t\t<\/div>\n\t\t\t\t<div class=\"elementor-element elementor-element-28bc9163 elementor-widget elementor-widget-heading\" data-id=\"28bc9163\" data-element_type=\"widget\" data-widget_type=\"heading.default\">\n\t\t\t\t<div class=\"elementor-widget-container\">\n\t\t\t<h2 class=\"elementor-heading-title elementor-size-default\">Ubezpiecz si\u0119 online lub odwied\u017a nas w biurze.\n<\/h2>\t\t<\/div>\n\t\t\t\t<\/div>\n\t\t\t\t<section class=\"elementor-section elementor-inner-section elementor-element elementor-element-2bab378 elementor-section-full_width elementor-section-height-default elementor-section-height-default\" data-id=\"2bab378\" data-element_type=\"section\">\n\t\t\t\t\t\t<div class=\"elementor-container elementor-column-gap-default\">\n\t\t\t\t\t<div class=\"elementor-column elementor-col-33 elementor-inner-column elementor-element elementor-element-3052ef24\" data-id=\"3052ef24\" data-element_type=\"column\">\n\t\t\t<div class=\"elementor-widget-wrap elementor-element-populated\">\n\t\t\t\t\t\t\t\t<div class=\"elementor-element elementor-element-33eb70db elementor-widget elementor-widget-text-editor\" data-id=\"33eb70db\" data-element_type=\"widget\" data-widget_type=\"text-editor.default\">\n\t\t\t\t<div class=\"elementor-widget-container\">\n\t\t\t<style>\/*! elementor - v3.14.0 - 26-06-2023 *\/\n.elementor-widget-text-editor.elementor-drop-cap-view-stacked .elementor-drop-cap{background-color:#69727d;color:#fff}.elementor-widget-text-editor.elementor-drop-cap-view-framed .elementor-drop-cap{color:#69727d;border:3px solid;background-color:transparent}.elementor-widget-text-editor:not(.elementor-drop-cap-view-default) .elementor-drop-cap{margin-top:8px}.elementor-widget-text-editor:not(.elementor-drop-cap-view-default) .elementor-drop-cap-letter{width:1em;height:1em}.elementor-widget-text-editor .elementor-drop-cap{float:left;text-align:center;line-height:1;font-size:50px}.elementor-widget-text-editor .elementor-drop-cap-letter{display:inline-block}<\/style>\t\t\t\t<p>Zadzwo\u0144 do nas<\/p>\t\t\t\t\t\t<\/div>\n\t\t\t\t<\/div>\n\t\t\t\t<div class=\"elementor-element elementor-element-6f48d543 elementor-align-left elementor-mobile-align-center elementor-widget elementor-widget-button\" data-id=\"6f48d543\" data-element_type=\"widget\" data-widget_type=\"button.default\">\n\t\t\t\t<div class=\"elementor-widget-container\">\n\t\t\t\t\t<div class=\"elementor-button-wrapper\">\n\t\t\t<a class=\"elementor-button elementor-button-link elementor-size-sm\" href=\"#elementor-action%3Aaction%3Dpopup%3Aopen%26settings%3DeyJpZCI6IjY0MyIsInRvZ2dsZSI6ZmFsc2V9\">\n\t\t\t\t\t\t<span class=\"elementor-button-content-wrapper\">\n\t\t\t\t\t\t<span class=\"elementor-button-text\">Zam\u00f3w rozmow\u0119<\/span>\n\t\t<\/span>\n\t\t\t\t\t<\/a>\n\t\t<\/div>\n\t\t\t\t<\/div>\n\t\t\t\t<\/div>\n\t\t\t\t\t<\/div>\n\t\t<\/div>\n\t\t\t\t<div class=\"elementor-column elementor-col-33 elementor-inner-column elementor-element elementor-element-460c5c68\" data-id=\"460c5c68\" data-element_type=\"column\">\n\t\t\t<div class=\"elementor-widget-wrap elementor-element-populated\">\n\t\t\t\t\t\t\t\t<div class=\"elementor-element elementor-element-d87a687 elementor-widget elementor-widget-text-editor\" data-id=\"d87a687\" data-element_type=\"widget\" data-widget_type=\"text-editor.default\">\n\t\t\t\t<div class=\"elementor-widget-container\">\n\t\t\t\t\t\t\t<p>lub<\/p>\t\t\t\t\t\t<\/div>\n\t\t\t\t<\/div>\n\t\t\t\t\t<\/div>\n\t\t<\/div>\n\t\t\t\t<div class=\"elementor-column elementor-col-33 elementor-inner-column elementor-element elementor-element-64891f2a\" data-id=\"64891f2a\" data-element_type=\"column\">\n\t\t\t<div class=\"elementor-widget-wrap elementor-element-populated\">\n\t\t\t\t\t\t\t\t<div class=\"elementor-element elementor-element-52adcc8a elementor-widget elementor-widget-text-editor\" data-id=\"52adcc8a\" data-element_type=\"widget\" data-widget_type=\"text-editor.default\">\n\t\t\t\t<div class=\"elementor-widget-container\">\n\t\t\t\t\t\t\t<p>Wype\u0142nij formularz online<\/p>\t\t\t\t\t\t<\/div>\n\t\t\t\t<\/div>\n\t\t\t\t<div class=\"elementor-element elementor-element-6e4e8c97 elementor-view-default elementor-widget elementor-widget-icon\" data-id=\"6e4e8c97\" data-element_type=\"widget\" data-widget_type=\"icon.default\">\n\t\t\t\t<div class=\"elementor-widget-container\">\n\t\t\t\t\t<div class=\"elementor-icon-wrapper\">\n\t\t\t<a class=\"elementor-icon\" href=\"#formularz\">\n\t\t\t<i aria-hidden=\"true\" class=\"far fa-arrow-alt-circle-down\"><\/i>\t\t\t<\/a>\n\t\t<\/div>\n\t\t\t\t<\/div>\n\t\t\t\t<\/div>\n\t\t\t\t\t<\/div>\n\t\t<\/div>\n\t\t\t\t\t\t\t<\/div>\n\t\t<\/section>\n\t\t\t\t<div class=\"elementor-element elementor-element-2732198 elementor-widget elementor-widget-text-editor\" data-id=\"2732198\" data-element_type=\"widget\" data-widget_type=\"text-editor.default\">\n\t\t\t\t<div class=\"elementor-widget-container\">\n\t\t\t\t\t\t\t<section class=\"elementor-section elementor-top-section elementor-element elementor-element-3ad9194c ct-section-stretched elementor-section-full_width elementor-section-height-default elementor-section-height-default\" data-id=\"3ad9194c\" data-element_type=\"section\" data-settings=\"{&quot;background_background&quot;:&quot;classic&quot;}\"><div class=\"elementor-container elementor-column-gap-default\"><div class=\"elementor-column elementor-col-100 elementor-top-column elementor-element elementor-element-2145a77e\" data-id=\"2145a77e\" data-element_type=\"column\"><div class=\"elementor-widget-wrap elementor-element-populated\"><div class=\"elementor-element elementor-element-36c1b45 elementor-widget elementor-widget-text-editor\" data-id=\"36c1b45\" data-element_type=\"widget\" data-widget_type=\"text-editor.default\"><div class=\"elementor-widget-container\"><p><em>a my w ci\u0105gu kilkunastu minut oddzwonimy z gotow\u0105 ofert\u0105\u00a0<\/em><\/p><\/div><\/div><\/div><\/div><\/div><\/section><section class=\"elementor-section elementor-inner-section elementor-element elementor-element-3e0e853c elementor-section-boxed elementor-section-height-default elementor-section-height-default\" data-id=\"3e0e853c\" data-element_type=\"section\"><div class=\"elementor-container elementor-column-gap-default\"><div class=\"elementor-column elementor-col-100 elementor-inner-column elementor-element elementor-element-a2bb1dd\" data-id=\"a2bb1dd\" data-element_type=\"column\">\u00a0<\/div><\/div><\/section>\t\t\t\t\t\t<\/div>\n\t\t\t\t<\/div>\n\t\t\t\t\t<\/div>\n\t\t<\/div>\n\t\t\t\t\t\t\t<\/div>\n\t\t<\/section>\n\t\t\t\t<section class=\"elementor-section elementor-top-section elementor-element elementor-element-3e5cec1e elementor-section-boxed elementor-section-height-default elementor-section-height-default\" data-id=\"3e5cec1e\" data-element_type=\"section\">\n\t\t\t\t\t\t<div class=\"elementor-container elementor-column-gap-default\">\n\t\t\t\t\t<div class=\"elementor-column elementor-col-100 elementor-top-column elementor-element elementor-element-44ee1a63\" data-id=\"44ee1a63\" data-element_type=\"column\">\n\t\t\t<div class=\"elementor-widget-wrap elementor-element-populated\">\n\t\t\t\t\t\t\t\t<div class=\"elementor-element elementor-element-2baae783 elementor-widget elementor-widget-heading\" data-id=\"2baae783\" data-element_type=\"widget\" data-widget_type=\"heading.default\">\n\t\t\t\t<div class=\"elementor-widget-container\">\n\t\t\t<h2 class=\"elementor-heading-title elementor-size-default\">Sprawd\u017a sk\u0142adk\u0119 bez wychodzenia z domu!\n<\/h2>\t\t<\/div>\n\t\t\t\t<\/div>\n\t\t\t\t<div class=\"elementor-element elementor-element-365102b5 elementor-widget elementor-widget-text-editor\" data-id=\"365102b5\" data-element_type=\"widget\" data-widget_type=\"text-editor.default\">\n\t\t\t\t<div class=\"elementor-widget-container\">\n\t\t\t\t\t\t\t<p><span style=\"text-decoration: underline;\"><a href=\"tel:500050233\">Zadzwo\u0144 do nas<\/a><\/span> lub wype\u0142nij formularz, a my w ci\u0105gu kilkunastu minut oddzwonimy z gotow\u0105 ofert\u0105.<\/p>\t\t\t\t\t\t<\/div>\n\t\t\t\t<\/div>\n\t\t\t\t\t<\/div>\n\t\t<\/div>\n\t\t\t\t\t\t\t<\/div>\n\t\t<\/section>\n\t\t\t\t<section class=\"elementor-section elementor-top-section elementor-element elementor-element-4615db48 ct-section-stretched elementor-section-content-middle elementor-section-boxed elementor-section-height-default elementor-section-height-default\" data-id=\"4615db48\" data-element_type=\"section\" id=\"formularz\" data-settings=\"{&quot;background_background&quot;:&quot;classic&quot;}\">\n\t\t\t\t\t\t<div class=\"elementor-container elementor-column-gap-no\">\n\t\t\t\t\t<div class=\"elementor-column elementor-col-100 elementor-top-column elementor-element elementor-element-35f032b8\" data-id=\"35f032b8\" data-element_type=\"column\">\n\t\t\t<div class=\"elementor-widget-wrap elementor-element-populated\">\n\t\t\t\t\t\t\t\t<div class=\"elementor-element elementor-element-554fa909 elementor-widget elementor-widget-wpforms\" data-id=\"554fa909\" data-element_type=\"widget\" data-widget_type=\"wpforms.default\">\n\t\t\t\t<div class=\"elementor-widget-container\">\n\t\t\t<div class=\"wpforms-container wpforms-container-full\" id=\"wpforms-661\"><form id=\"wpforms-form-661\" class=\"wpforms-validate wpforms-form wpforms-ajax-form\" data-formid=\"661\" method=\"post\" enctype=\"multipart\/form-data\" action=\"\/index.php\/wp-json\/wp\/v2\/pages\/817\" data-token=\"0e656abd65c965f38b6b64e5774f8faf\"><div class=\"wpforms-head-container\"><div class=\"wpforms-title\">Wype\u0142nij formularz do ubezpiecze\u0144 nieruchomo\u015bci<\/div><\/div><noscript class=\"wpforms-error-noscript\">Please enable JavaScript in your browser to complete this form.<\/noscript><div class=\"wpforms-field-container\"><div id=\"wpforms-661-field_0-container\" class=\"wpforms-field wpforms-field-name\" data-field-id=\"0\"><label class=\"wpforms-field-label\" for=\"wpforms-661-field_0\">Imi\u0119 i Nazwisko <span class=\"wpforms-required-label\">*<\/span><\/label><div class=\"wpforms-field-row wpforms-field-medium\"><div class=\"wpforms-field-row-block wpforms-first wpforms-one-half\"><input type=\"text\" id=\"wpforms-661-field_0\" class=\"wpforms-field-name-first wpforms-field-required\" name=\"wpforms[fields][0][first]\" placeholder=\"Imi\u0119\" required><label for=\"wpforms-661-field_0\" class=\"wpforms-field-sublabel after wpforms-sublabel-hide\">First<\/label><\/div><div class=\"wpforms-field-row-block wpforms-one-half\"><input type=\"text\" id=\"wpforms-661-field_0-last\" class=\"wpforms-field-name-last wpforms-field-required\" name=\"wpforms[fields][0][last]\" placeholder=\"Nazwisko\" required><label for=\"wpforms-661-field_0-last\" class=\"wpforms-field-sublabel after wpforms-sublabel-hide\">Last<\/label><\/div><\/div><\/div><div id=\"wpforms-661-field_6-container\" class=\"wpforms-field wpforms-field-number\" data-field-id=\"6\"><label class=\"wpforms-field-label\" for=\"wpforms-661-field_6\">Nr Telefonu<\/label><input type=\"number\" pattern=\"\\d*\" id=\"wpforms-661-field_6\" class=\"wpforms-field-medium\" name=\"wpforms[fields][6]\" placeholder=\"Nr Telefonu\" ><\/div><div id=\"wpforms-661-field_1-container\" class=\"wpforms-field wpforms-field-email\" data-field-id=\"1\"><label class=\"wpforms-field-label\" for=\"wpforms-661-field_1\">E-mail <span class=\"wpforms-required-label\">*<\/span><\/label><input type=\"email\" id=\"wpforms-661-field_1\" class=\"wpforms-field-medium wpforms-field-required\" name=\"wpforms[fields][1]\" placeholder=\"e-mail\" required><\/div><div id=\"wpforms-661-field_7-container\" class=\"wpforms-field wpforms-field-text\" data-field-id=\"7\"><label class=\"wpforms-field-label\" for=\"wpforms-661-field_7\">Pesel <span class=\"wpforms-required-label\">*<\/span><\/label><input type=\"text\" id=\"wpforms-661-field_7\" class=\"wpforms-field-medium wpforms-field-required\" name=\"wpforms[fields][7]\" placeholder=\"Nr Pesel\" required><\/div><div id=\"wpforms-661-field_8-container\" class=\"wpforms-field wpforms-field-select wpforms-field-select-style-classic\" data-field-id=\"8\"><label class=\"wpforms-field-label\" for=\"wpforms-661-field_8\">Typ Nieruchomo\u015bci <span class=\"wpforms-required-label\">*<\/span><\/label><select id=\"wpforms-661-field_8\" class=\"wpforms-field-medium wpforms-field-required\" name=\"wpforms[fields][8]\" required=\"required\"><option value=\"\" class=\"placeholder\" disabled  selected='selected'>Typ nieruchomo\u015bci<\/option><option value=\"Dom \" >Dom <\/option><option value=\"Mieszkanie na parterze\" >Mieszkanie na parterze<\/option><option value=\"Mieszkanie na pi\u0119trze\" >Mieszkanie na pi\u0119trze<\/option><\/select><\/div><div id=\"wpforms-661-field_9-container\" class=\"wpforms-field wpforms-field-text\" data-field-id=\"9\"><label class=\"wpforms-field-label\" for=\"wpforms-661-field_9\">Kod pocztowy <span class=\"wpforms-required-label\">*<\/span><\/label><input type=\"text\" id=\"wpforms-661-field_9\" class=\"wpforms-field-medium wpforms-field-required\" name=\"wpforms[fields][9]\" placeholder=\"00-000\" required><\/div><div id=\"wpforms-661-field_10-container\" class=\"wpforms-field wpforms-field-text\" data-field-id=\"10\"><label class=\"wpforms-field-label\" for=\"wpforms-661-field_10\">Miejscowo\u015b\u0107 <span class=\"wpforms-required-label\">*<\/span><\/label><input type=\"text\" id=\"wpforms-661-field_10\" class=\"wpforms-field-medium wpforms-field-required\" name=\"wpforms[fields][10]\" placeholder=\"Miejscowo\u015b\u0107\" required><\/div><div id=\"wpforms-661-field_11-container\" class=\"wpforms-field wpforms-field-number\" data-field-id=\"11\"><label class=\"wpforms-field-label\" for=\"wpforms-661-field_11\">Nr Domu <span class=\"wpforms-required-label\">*<\/span><\/label><input type=\"number\" pattern=\"\\d*\" id=\"wpforms-661-field_11\" class=\"wpforms-field-medium wpforms-field-required\" name=\"wpforms[fields][11]\" placeholder=\"Nr Domu\" required><\/div><div id=\"wpforms-661-field_12-container\" class=\"wpforms-field wpforms-field-number\" data-field-id=\"12\"><label class=\"wpforms-field-label\" for=\"wpforms-661-field_12\">Nr Mieszkania<\/label><input type=\"number\" pattern=\"\\d*\" id=\"wpforms-661-field_12\" class=\"wpforms-field-medium\" name=\"wpforms[fields][12]\" placeholder=\"Nr Domu\" ><\/div><div id=\"wpforms-661-field_13-container\" class=\"wpforms-field wpforms-field-number\" data-field-id=\"13\"><label class=\"wpforms-field-label\" for=\"wpforms-661-field_13\">Powierzchnia w (m2)<\/label><input type=\"number\" pattern=\"\\d*\" id=\"wpforms-661-field_13\" class=\"wpforms-field-medium\" name=\"wpforms[fields][13]\" ><\/div><div id=\"wpforms-661-field_17-container\" class=\"wpforms-field wpforms-field-checkbox\" data-field-id=\"17\"><label class=\"wpforms-field-label\" for=\"wpforms-661-field_17\">Zakres <span class=\"wpforms-required-label\">*<\/span><\/label><ul id=\"wpforms-661-field_17\" class=\"wpforms-field-required\"><li class=\"choice-1 depth-1\"><input type=\"checkbox\" id=\"wpforms-661-field_17_1\" name=\"wpforms[fields][17][]\" value=\"Ogie\u0144 i inne zdarzenia losowe\" required ><label class=\"wpforms-field-label-inline\" for=\"wpforms-661-field_17_1\">Ogie\u0144 i inne zdarzenia losowe<\/label><\/li><li class=\"choice-2 depth-1\"><input type=\"checkbox\" id=\"wpforms-661-field_17_2\" name=\"wpforms[fields][17][]\" value=\"All risk\" required ><label class=\"wpforms-field-label-inline\" for=\"wpforms-661-field_17_2\">All risk<\/label><\/li><li class=\"choice-3 depth-1\"><input type=\"checkbox\" id=\"wpforms-661-field_17_3\" name=\"wpforms[fields][17][]\" value=\"Kradzie\u017c\" required ><label class=\"wpforms-field-label-inline\" for=\"wpforms-661-field_17_3\">Kradzie\u017c<\/label><\/li><li class=\"choice-4 depth-1\"><input type=\"checkbox\" id=\"wpforms-661-field_17_4\" name=\"wpforms[fields][17][]\" value=\"OC w \u017cyciu prywatnym\" required ><label class=\"wpforms-field-label-inline\" for=\"wpforms-661-field_17_4\">OC w \u017cyciu prywatnym<\/label><\/li><\/ul><\/div><div id=\"wpforms-661-field_15-container\" class=\"wpforms-field wpforms-field-checkbox\" data-field-id=\"15\"><label class=\"wpforms-field-label\" for=\"wpforms-661-field_15\">Zgody obowi\u0105zkowe <span class=\"wpforms-required-label\">*<\/span><\/label><ul id=\"wpforms-661-field_15\" class=\"wpforms-field-required\"><li class=\"choice-1 depth-1\"><input type=\"checkbox\" id=\"wpforms-661-field_15_1\" name=\"wpforms[fields][15][]\" value=\"Akceptuj\u0119 regulamin oraz polityk\u0119 prywatno\u015bci\" required ><label class=\"wpforms-field-label-inline\" for=\"wpforms-661-field_15_1\">Akceptuj\u0119 regulamin oraz polityk\u0119 prywatno\u015bci<\/label><\/li><li class=\"choice-2 depth-1\"><input type=\"checkbox\" id=\"wpforms-661-field_15_2\" name=\"wpforms[fields][15][]\" value=\" Wyra\u017cam zgod\u0119 na przetwarzanie moich danych osobowych zawartych w formularzu, w celu i zakresie niezb\u0119dnym do przeprowadzenia i przedstawienia mi kalkulacji i tylko takim celu.\" required ><label class=\"wpforms-field-label-inline\" for=\"wpforms-661-field_15_2\"> Wyra\u017cam zgod\u0119 na przetwarzanie moich danych osobowych zawartych w formularzu, w celu i zakresie niezb\u0119dnym do przeprowadzenia i przedstawienia mi kalkulacji i tylko takim celu.<\/label><\/li><\/ul><div class=\"wpforms-field-description\"><a href=\"https:\/\/wordpress2247041.home.pl\/test\/domain\/index.php\/regulamin\/\" target=\"_blank\">Regulamin<\/a><br\/>\r\n<a href=\"https:\/\/wordpress2247041.home.pl\/test\/domain\/index.php\/polityka-prywatnosci-2\/\" target=\"_blank\">Polityka Prywatno\u015bci<\/a><\/div><\/div><div id=\"wpforms-661-field_16-container\" class=\"wpforms-field wpforms-field-checkbox\" data-field-id=\"16\"><label class=\"wpforms-field-label\" for=\"wpforms-661-field_16\">Zgoda dobrowolna<\/label><ul id=\"wpforms-661-field_16\"><li class=\"choice-1 depth-1\"><input type=\"checkbox\" id=\"wpforms-661-field_16_1\" name=\"wpforms[fields][16][]\" value=\"Wyra\u017cam zgod\u0119 na przesy\u0142anie informacji handlowych drog\u0105 elektroniczn\u0105 przez  Biuro Us\u0142ug Finansowych Waleria\u0144czyk Joanna, z siedzib\u0105 w Koninie przy Alejach 1 Maja 11\/17 zgodnie z ustaw\u0105 z dn. 18 lipca 2002 roku o \u015bwiadczeniu us\u0142ug drog\u0105 elektroniczn\u0105 (Dz. U. z 2002 r. Nr 144, poz. 1204 z p\u00f3\u017an. zm.).\"  ><label class=\"wpforms-field-label-inline\" for=\"wpforms-661-field_16_1\">Wyra\u017cam zgod\u0119 na przesy\u0142anie informacji handlowych drog\u0105 elektroniczn\u0105 przez  Biuro Us\u0142ug Finansowych Waleria\u0144czyk Joanna, z siedzib\u0105 w Koninie przy Alejach 1 Maja 11\/17 zgodnie z ustaw\u0105 z dn. 18 lipca 2002 roku o \u015bwiadczeniu us\u0142ug drog\u0105 elektroniczn\u0105 (Dz. U. z 2002 r. Nr 144, poz. 1204 z p\u00f3\u017an. zm.).<\/label><\/li><\/ul><\/div><\/div><div class=\"wpforms-submit-container\"><input type=\"hidden\" name=\"wpforms[id]\" value=\"661\"><input type=\"hidden\" name=\"wpforms[author]\" value=\"1\"><button type=\"submit\" name=\"wpforms[submit]\" id=\"wpforms-submit-661\" class=\"wpforms-submit\" data-alt-text=\"Wysy\u0142anie...\" data-submit-text=\"Wy\u015blij\" aria-live=\"assertive\" value=\"wpforms-submit\">Wy\u015blij<\/button><img decoding=\"async\" loading=\"lazy\" src=\"https:\/\/anterisubezpieczenia.pl\/wp-content\/plugins\/wpforms-lite\/assets\/images\/submit-spin.svg\" class=\"wpforms-submit-spinner\" style=\"display: none;\" width=\"26\" height=\"26\" alt=\"Loading\"><\/div><\/form><\/div>  <!-- .wpforms-container -->\t\t<\/div>\n\t\t\t\t<\/div>\n\t\t\t\t\t<\/div>\n\t\t<\/div>\n\t\t\t\t\t\t\t<\/div>\n\t\t<\/section>\n\t\t\t\t\t\t\t<\/div>\n\t\t","protected":false},"excerpt":{"rendered":"<p>Poznaj nasze ubezpieczenia Ubezpiecz si\u0119 online lub odwied\u017a nas w biurze. Zadzwo\u0144 do nas Zam\u00f3w rozmow\u0119 lub Wype\u0142nij formularz online a my w ci\u0105gu kilkunastu minut oddzwonimy z gotow\u0105 ofert\u0105&nbsp; &nbsp; Sprawd\u017a sk\u0142adk\u0119 bez wychodzenia z domu! Zadzwo\u0144 do nas lub wype\u0142nij formularz, a my w ci\u0105gu kilkunastu minut oddzwonimy z gotow\u0105 ofert\u0105.<\/p>\n","protected":false},"author":1,"featured_media":0,"parent":365,"menu_order":0,"comment_status":"closed","ping_status":"closed","template":"","meta":{"_eb_attr":"","om_disable_all_campaigns":false,"_mi_skip_tracking":false,"_monsterinsights_sitenote_active":false,"_monsterinsights_sitenote_note":"","_monsterinsights_sitenote_category":0},"blocksy_meta":{"styles_descriptor":{"styles":{"desktop":"","tablet":"","mobile":""},"google_fonts":[],"version":5}},"aioseo_notices":[],"_links":{"self":[{"href":"https:\/\/anterisubezpieczenia.pl\/index.php\/wp-json\/wp\/v2\/pages\/817"}],"collection":[{"href":"https:\/\/anterisubezpieczenia.pl\/index.php\/wp-json\/wp\/v2\/pages"}],"about":[{"href":"https:\/\/anterisubezpieczenia.pl\/index.php\/wp-json\/wp\/v2\/types\/page"}],"author":[{"embeddable":true,"href":"https:\/\/anterisubezpieczenia.pl\/index.php\/wp-json\/wp\/v2\/users\/1"}],"replies":[{"embeddable":true,"href":"https:\/\/anterisubezpieczenia.pl\/index.php\/wp-json\/wp\/v2\/comments?post=817"}],"version-history":[{"count":54,"href":"https:\/\/anterisubezpieczenia.pl\/index.php\/wp-json\/wp\/v2\/pages\/817\/revisions"}],"predecessor-version":[{"id":1484,"href":"https:\/\/anterisubezpieczenia.pl\/index.php\/wp-json\/wp\/v2\/pages\/817\/revisions\/1484"}],"up":[{"embeddable":true,"href":"https:\/\/anterisubezpieczenia.pl\/index.php\/wp-json\/wp\/v2\/pages\/365"}],"wp:attachment":[{"href":"https:\/\/anterisubezpieczenia.pl\/index.php\/wp-json\/wp\/v2\/media?parent=817"}],"curies":[{"name":"wp","href":"https:\/\/api.w.org\/{rel}","templated":true}]}}