{"id":365,"date":"2022-12-19T17:07:38","date_gmt":"2022-12-19T16:07:38","guid":{"rendered":"https:\/\/anterisubezpieczenia.pl\/?page_id=365"},"modified":"2023-05-31T07:28:29","modified_gmt":"2023-05-31T05:28:29","slug":"formularz","status":"publish","type":"page","link":"https:\/\/anterisubezpieczenia.pl\/index.php\/formularz\/","title":{"rendered":"Formularz"},"content":{"rendered":"\t\t<div data-elementor-type=\"wp-page\" data-elementor-id=\"365\" class=\"elementor elementor-365\">\n\t\t\t\t\t\t\t\t\t<section class=\"elementor-section elementor-top-section elementor-element elementor-element-8766b7d ct-section-stretched elementor-section-full_width elementor-section-height-default elementor-section-height-default\" data-id=\"8766b7d\" data-element_type=\"section\" data-settings=\"{&quot;background_background&quot;:&quot;classic&quot;}\">\n\t\t\t\t\t\t<div class=\"elementor-container elementor-column-gap-default\">\n\t\t\t\t\t<div class=\"elementor-column elementor-col-100 elementor-top-column elementor-element elementor-element-1ac79f40\" data-id=\"1ac79f40\" data-element_type=\"column\">\n\t\t\t<div class=\"elementor-widget-wrap elementor-element-populated\">\n\t\t\t\t\t\t\t\t<div class=\"elementor-element elementor-element-bc45b42 elementor-widget elementor-widget-heading\" data-id=\"bc45b42\" data-element_type=\"widget\" data-widget_type=\"heading.default\">\n\t\t\t\t<div class=\"elementor-widget-container\">\n\t\t\t<style>\/*! elementor - v3.14.0 - 26-06-2023 *\/\n.elementor-heading-title{padding:0;margin:0;line-height:1}.elementor-widget-heading .elementor-heading-title[class*=elementor-size-]>a{color:inherit;font-size:inherit;line-height:inherit}.elementor-widget-heading .elementor-heading-title.elementor-size-small{font-size:15px}.elementor-widget-heading .elementor-heading-title.elementor-size-medium{font-size:19px}.elementor-widget-heading .elementor-heading-title.elementor-size-large{font-size:29px}.elementor-widget-heading .elementor-heading-title.elementor-size-xl{font-size:39px}.elementor-widget-heading .elementor-heading-title.elementor-size-xxl{font-size:59px}<\/style><h1 class=\"elementor-heading-title elementor-size-default\">Poznaj nasze ubezpieczenia\n<\/h1>\t\t<\/div>\n\t\t\t\t<\/div>\n\t\t\t\t<div class=\"elementor-element elementor-element-b0b9b60 elementor-widget elementor-widget-heading\" data-id=\"b0b9b60\" data-element_type=\"widget\" data-widget_type=\"heading.default\">\n\t\t\t\t<div class=\"elementor-widget-container\">\n\t\t\t<h2 class=\"elementor-heading-title elementor-size-default\">Ubezpiecz si\u0119 online lub odwied\u017a nas w biurze.\n<\/h2>\t\t<\/div>\n\t\t\t\t<\/div>\n\t\t\t\t<section class=\"elementor-section elementor-inner-section elementor-element elementor-element-366e2bd elementor-section-boxed elementor-section-height-default elementor-section-height-default\" data-id=\"366e2bd\" data-element_type=\"section\">\n\t\t\t\t\t\t<div class=\"elementor-container elementor-column-gap-default\">\n\t\t\t\t\t<div class=\"elementor-column elementor-col-33 elementor-inner-column elementor-element elementor-element-a1b22bf\" data-id=\"a1b22bf\" data-element_type=\"column\">\n\t\t\t<div class=\"elementor-widget-wrap elementor-element-populated\">\n\t\t\t\t\t\t\t\t<div class=\"elementor-element elementor-element-9bc664d elementor-widget elementor-widget-text-editor\" data-id=\"9bc664d\" data-element_type=\"widget\" data-widget_type=\"text-editor.default\">\n\t\t\t\t<div class=\"elementor-widget-container\">\n\t\t\t<style>\/*! elementor - v3.14.0 - 26-06-2023 *\/\n.elementor-widget-text-editor.elementor-drop-cap-view-stacked .elementor-drop-cap{background-color:#69727d;color:#fff}.elementor-widget-text-editor.elementor-drop-cap-view-framed .elementor-drop-cap{color:#69727d;border:3px solid;background-color:transparent}.elementor-widget-text-editor:not(.elementor-drop-cap-view-default) .elementor-drop-cap{margin-top:8px}.elementor-widget-text-editor:not(.elementor-drop-cap-view-default) .elementor-drop-cap-letter{width:1em;height:1em}.elementor-widget-text-editor .elementor-drop-cap{float:left;text-align:center;line-height:1;font-size:50px}.elementor-widget-text-editor .elementor-drop-cap-letter{display:inline-block}<\/style>\t\t\t\t<p>Zadzwo\u0144 do nas<\/p>\t\t\t\t\t\t<\/div>\n\t\t\t\t<\/div>\n\t\t\t\t<div class=\"elementor-element elementor-element-eeae652 elementor-align-left elementor-mobile-align-center elementor-widget elementor-widget-button\" data-id=\"eeae652\" data-element_type=\"widget\" data-widget_type=\"button.default\">\n\t\t\t\t<div class=\"elementor-widget-container\">\n\t\t\t\t\t<div class=\"elementor-button-wrapper\">\n\t\t\t<a class=\"elementor-button elementor-button-link elementor-size-sm\" href=\"#elementor-action%3Aaction%3Dpopup%3Aopen%26settings%3DeyJpZCI6IjY0MyIsInRvZ2dsZSI6ZmFsc2V9\">\n\t\t\t\t\t\t<span class=\"elementor-button-content-wrapper\">\n\t\t\t\t\t\t<span class=\"elementor-button-text\">Zam\u00f3w rozmow\u0119<\/span>\n\t\t<\/span>\n\t\t\t\t\t<\/a>\n\t\t<\/div>\n\t\t\t\t<\/div>\n\t\t\t\t<\/div>\n\t\t\t\t\t<\/div>\n\t\t<\/div>\n\t\t\t\t<div class=\"elementor-column elementor-col-33 elementor-inner-column elementor-element elementor-element-2347abf\" data-id=\"2347abf\" data-element_type=\"column\">\n\t\t\t<div class=\"elementor-widget-wrap elementor-element-populated\">\n\t\t\t\t\t\t\t\t<div class=\"elementor-element elementor-element-053903c elementor-widget elementor-widget-text-editor\" data-id=\"053903c\" data-element_type=\"widget\" data-widget_type=\"text-editor.default\">\n\t\t\t\t<div class=\"elementor-widget-container\">\n\t\t\t\t\t\t\t<p>lub<\/p>\t\t\t\t\t\t<\/div>\n\t\t\t\t<\/div>\n\t\t\t\t\t<\/div>\n\t\t<\/div>\n\t\t\t\t<div class=\"elementor-column elementor-col-33 elementor-inner-column elementor-element elementor-element-10e8983\" data-id=\"10e8983\" data-element_type=\"column\">\n\t\t\t<div class=\"elementor-widget-wrap elementor-element-populated\">\n\t\t\t\t\t\t\t\t<div class=\"elementor-element elementor-element-fb16340 elementor-widget elementor-widget-text-editor\" data-id=\"fb16340\" data-element_type=\"widget\" data-widget_type=\"text-editor.default\">\n\t\t\t\t<div class=\"elementor-widget-container\">\n\t\t\t\t\t\t\t<p>Wype\u0142nij formularz online<\/p>\t\t\t\t\t\t<\/div>\n\t\t\t\t<\/div>\n\t\t\t\t<div class=\"elementor-element elementor-element-66e9f1e elementor-widget elementor-widget-html\" data-id=\"66e9f1e\" data-element_type=\"widget\" data-widget_type=\"html.default\">\n\t\t\t\t<div class=\"elementor-widget-container\">\n\t\t\t<form class=\"insurance-container\">\r\n    <div class=\"select-insurance\">\r\n       \r\n        <select id=\"insurance\" name=\"insurance\" required>\r\n            <option value=\"komunikacyjne\">Ubezpieczenie Komunikacyjne<\/option>\r\n            <option value=\"firm\">Ubezpieczenie Dla Firm<\/option>\r\n            <option value=\"zdrowie\">Ubezpieczenie Na \u017bycie i Zdrowie<\/option>\r\n            <option value=\"nieruchomosci\">Ubezpieczenie Nieruchomo\u015bci<\/option>\r\n            <option value=\"transportowe\">Ubezpieczenie Transportowe i Flot<\/option>\r\n            <option value=\"turystyczne\">Ubezpieczenie Turystyczne<\/option>\r\n        <\/select>\r\n        <button class=\"submit-insurance\" type=\"button\"><img decoding=\"async\" loading=\"lazy\"\r\n                src=\"http:\/\/wordpress2247041.home.pl\/test\/domain\/wp-content\/uploads\/2022\/12\/righ_arrow.png\" alt=\"\"\r\n                width=\"36\" height=\"14\" class=\"alignnone size-full wp-image-369\" \/><\/button>\r\n    <\/div>\r\n<\/form>\r\n\r\n<script>\r\n    setTimeout(() => {\r\n\r\n        const form = document.querySelector('.insurance-container');\r\n        const formValue = document.querySelector('#insurance');\r\n        const formButton = document.querySelector('.submit-insurance');\r\n\r\n        formButton.addEventListener('click', (e) => {\r\n\r\n            readValueAndRedirect(formValue.value);\r\n\r\n        });\r\n\r\n        function readValueAndRedirect(value) {\r\n            console.log(value);\r\n            switch (value) {\r\n                case \"firm\":\r\n                    return window.location.href = \"https:\/\/anterisubezpieczenia.pl\/index.php\/formularz\/formularz-ogolny\/\";\r\n                case \"komunikacyjne\":\r\n                    return window.location.href = \"https:\/\/anterisubezpieczenia.pl\/index.php\/formularz\/formularz-komunikacyjny\/\";\r\n                case \"zdrowie\":\r\n                    return window.location.href = \"https:\/\/anterisubezpieczenia.pl\/index.php\/formularz\/formularz-ogolny\/\";\r\n                case \"nieruchomosci\":\r\n                    return window.location.href = \"https:\/\/anterisubezpieczenia.pl\/index.php\/formularz\/formularz-nieruchomosci\/\";\r\n                case \"transportowe\":\r\n                    return window.location.href = \"https:\/\/anterisubezpieczenia.pl\/index.php\/formularz\/formularz-ogolny\/\";\r\n                case \"turystyczne\":\r\n                    return window.location.href = \"https:\/\/anterisubezpieczenia.pl\/index.php\/formularz\/formularz-ogolny\/\";\r\n                default:\r\n                    return '';\r\n\r\n            }\r\n        }\r\n    });\r\n<\/script>\t\t<\/div>\n\t\t\t\t<\/div>\n\t\t\t\t\t<\/div>\n\t\t<\/div>\n\t\t\t\t\t\t\t<\/div>\n\t\t<\/section>\n\t\t\t\t<div class=\"elementor-element elementor-element-9340f8d elementor-widget elementor-widget-text-editor\" data-id=\"9340f8d\" data-element_type=\"widget\" data-widget_type=\"text-editor.default\">\n\t\t\t\t<div class=\"elementor-widget-container\">\n\t\t\t\t\t\t\t<p><em>a my w ci\u0105gu kilkunastu minut oddzwonimy z gotow\u0105 ofert\u0105&nbsp;<\/em><\/p>\t\t\t\t\t\t<\/div>\n\t\t\t\t<\/div>\n\t\t\t\t\t<\/div>\n\t\t<\/div>\n\t\t\t\t\t\t\t<\/div>\n\t\t<\/section>\n\t\t\t\t\t\t\t<\/div>\n\t\t","protected":false},"excerpt":{"rendered":"<p>Poznaj nasze ubezpieczenia Ubezpiecz si\u0119 online lub odwied\u017a nas w biurze. Zadzwo\u0144 do nas Zam\u00f3w rozmow\u0119 lub Wype\u0142nij formularz online Ubezpieczenie KomunikacyjneUbezpieczenie Dla FirmUbezpieczenie Na \u017bycie i ZdrowieUbezpieczenie Nieruchomo\u015bciUbezpieczenie Transportowe i FlotUbezpieczenie Turystyczne a my w ci\u0105gu kilkunastu minut oddzwonimy z gotow\u0105 ofert\u0105&nbsp;<\/p>\n","protected":false},"author":1,"featured_media":0,"parent":0,"menu_order":0,"comment_status":"closed","ping_status":"closed","template":"","meta":{"_eb_attr":"","om_disable_all_campaigns":false,"_mi_skip_tracking":false,"_monsterinsights_sitenote_active":false,"_monsterinsights_sitenote_note":"","_monsterinsights_sitenote_category":0},"blocksy_meta":{"styles_descriptor":{"styles":{"desktop":"","tablet":"","mobile":""},"google_fonts":[],"version":5}},"aioseo_notices":[],"_links":{"self":[{"href":"https:\/\/anterisubezpieczenia.pl\/index.php\/wp-json\/wp\/v2\/pages\/365"}],"collection":[{"href":"https:\/\/anterisubezpieczenia.pl\/index.php\/wp-json\/wp\/v2\/pages"}],"about":[{"href":"https:\/\/anterisubezpieczenia.pl\/index.php\/wp-json\/wp\/v2\/types\/page"}],"author":[{"embeddable":true,"href":"https:\/\/anterisubezpieczenia.pl\/index.php\/wp-json\/wp\/v2\/users\/1"}],"replies":[{"embeddable":true,"href":"https:\/\/anterisubezpieczenia.pl\/index.php\/wp-json\/wp\/v2\/comments?post=365"}],"version-history":[{"count":212,"href":"https:\/\/anterisubezpieczenia.pl\/index.php\/wp-json\/wp\/v2\/pages\/365\/revisions"}],"predecessor-version":[{"id":1397,"href":"https:\/\/anterisubezpieczenia.pl\/index.php\/wp-json\/wp\/v2\/pages\/365\/revisions\/1397"}],"wp:attachment":[{"href":"https:\/\/anterisubezpieczenia.pl\/index.php\/wp-json\/wp\/v2\/media?parent=365"}],"curies":[{"name":"wp","href":"https:\/\/api.w.org\/{rel}","templated":true}]}}