{"id":1000,"date":"2023-01-17T11:06:07","date_gmt":"2023-01-17T10:06:07","guid":{"rendered":"https:\/\/wordpress2247041.home.pl\/test\/domain\/?page_id=1000"},"modified":"2023-06-04T15:25:17","modified_gmt":"2023-06-04T13:25:17","slug":"klauzule-informacyjne","status":"publish","type":"page","link":"https:\/\/anterisubezpieczenia.pl\/index.php\/klauzule-informacyjne\/","title":{"rendered":"Klauzule informacyjne"},"content":{"rendered":"\t\t<div data-elementor-type=\"wp-page\" data-elementor-id=\"1000\" class=\"elementor elementor-1000\">\n\t\t\t\t\t\t\t\t\t<section class=\"elementor-section elementor-top-section elementor-element elementor-element-19bef62 elementor-section-boxed elementor-section-height-default elementor-section-height-default\" data-id=\"19bef62\" data-element_type=\"section\">\n\t\t\t\t\t\t<div class=\"elementor-container elementor-column-gap-default\">\n\t\t\t\t\t<div class=\"elementor-column elementor-col-100 elementor-top-column elementor-element elementor-element-3168ab4\" data-id=\"3168ab4\" data-element_type=\"column\">\n\t\t\t<div class=\"elementor-widget-wrap elementor-element-populated\">\n\t\t\t\t\t\t\t\t<div class=\"elementor-element elementor-element-0ae7a7e elementor-widget elementor-widget-html\" data-id=\"0ae7a7e\" data-element_type=\"widget\" data-widget_type=\"html.default\">\n\t\t\t\t<div class=\"elementor-widget-container\">\n\t\t\t<h3 style=\"text-align:center;\">Klauzule Informacyjne<\/h3>\n<ol>\n<li><a href=\"https:\/\/www.compensa.pl\/dane-osobowe\/\" target=\"_blank\" rel=\"noopener\">Compensa Towarzystwo Ubezpiecze\u0144 S.A. Vienna Insurance Group<\/a><\/li>\n<li><a href=\"https:\/\/www.compensa.pl\/dane-osobowe\/\" target=\"_blank\" rel=\"noopener\">Compensa Towarzystwo Ubezpiecze\u0144 na \u017bycie S.A. Vienna Insurance Group<\/a><\/li>\n<li><a href=\"https:\/\/www.generali.pl\/polityka-prywatnosci\" target=\"_blank\" rel=\"noopener\">Generali \u017bycie Towarzystwo Ubezpiecze\u0144 S.A.<\/a><\/li>\n<li><a href=\"https:\/\/www.generali.pl\/polityka-prywatnosci\" target=\"_blank\" rel=\"noopener\">Generali Towarzystwo Ubezpiecze\u0144 S.A. (Proama)<\/a><\/li>\n<li><a href=\"https:\/\/interrisk.pl\/administrator-danych-osobowych\/\" target=\"_blank\" rel=\"noopener\">Interrisk Towarzystwo Ubezpiecze\u0144 S.A. Vienna Insurance Group<\/a><\/li>\n<li><a href=\"https:\/\/www.link4.pl\/dane-osobowe\" target=\"_blank\" rel=\"noopener\">Link4 Towarzystwo Ubezpiecze\u0144 S.A.<\/a><\/li>\n<li><a href=\"https:\/\/www.asist.pl\/wp-content\/uploads\/2022\/03\/PZU-klauzula-dla-klienta-nr-druku-1613.pdf\" target=\"_blank\" rel=\"noopener\">Powszechny Zak\u0142ad Ubezpiecze\u0144 S.A.<\/a><\/li>\n<li><a href=\"https:\/\/www.asist.pl\/wp-content\/uploads\/2022\/03\/PZU-Z\u0307ycie-KlauzulasprzedazowaInformacjaAdministratoradanychosobowych.pdf\" target=\"_blank\" rel=\"noopener\">Powszechny Zak\u0142ad Ubezpiecze\u0144 na \u017bycie S.A.<\/a><\/li>\n<li><a href=\"https:\/\/www.asist.pl\/wp-content\/uploads\/2022\/03\/0_12_Roby8_Ergo-klauzula2.pdf\" target=\"_blank\" rel=\"noopener\">Sopockie Towarzystwo Ubezpiecze\u0144 Ergo Hestia S.A.<\/a><\/li>\n<li><a href=\"https:\/\/www.asist.pl\/wp-content\/uploads\/2022\/03\/0_12_Roby8_Ergo-klauzula2.pdf\" target=\"_blank\" rel=\"noopener\">Sopockie Towarzystwo Ubezpiecze\u0144 Ergo Hestia S.A.(MTU)<\/a><\/li>\n<li style=\"text-align: left;\"><a href=\"https:\/\/www.asist.pl\/wp-content\/uploads\/2022\/03\/0_12_Roby8_Ergo-klauzula2.pdf\" target=\"_blank\" rel=\"noopener\">Sopockie Towarzystwo Ubezpiecze\u0144 Ergo Hestia S.A.(YCD)<\/a><\/li>\n<li><a href=\"https:\/\/www.asist.pl\/wp-content\/uploads\/2022\/03\/0_12_PJcMg_KlauzulainformacyjnaERGOHestiaZycie.pdf\">Sopockie Towarzystwo Ubezpiecze\u0144 na \u017bycie ERGO Hestia S.A.<\/a><\/li>\n<li><a href=\"https:\/\/interpolska.pl\/ochrona-danych-osobowych\/\" target=\"_blank\" rel=\"noopener\">Towarzystwo Ubezpiecze\u0144 INTER Polska S.A.<\/a><\/li>\n<li><a href=\"https:\/\/interpolska.pl\/ochrona-danych-osobowych\/\" target=\"_blank\" rel=\"noopener\">Towarzystwo Ubezpiecze\u0144 INTER- \u017bYCIE Polska S.A.<\/a><\/li>\n<li><a href=\"https:\/\/www.allianz.pl\/pl_PL\/dla-ciebie\/dokumenty.html#klauzule-informacyjne\" target=\"_blank\" rel=\"noopener\">Towarzystwo Ubezpiecze\u0144 I Reasekuracji Allianz Polska S.A.<\/a><\/li>\n<li><a href=\"https:\/\/www.warta.pl\/kontakt\/informacje-dotyczace-przetwarzania-danych-osobowych-klauzule-tuir\/\" target=\"_blank\" rel=\"noopener\">Towarzystwo Ubezpiecze\u0144 I Reasekuracji Warta S.A.<\/a><\/li>\n<li><a href=\"https:\/\/www.warta.pl\/kontakt\/informacje-dotyczace-przetwarzania-danych-osobowych-klauzule-tuir\/\" target=\"_blank\" rel=\"noopener\">Towarzystwo Ubezpiecze\u0144 I Reasekuracji Warta S.A. (HDI)<\/a><\/li>\n<li><a href=\"https:\/\/www.warta.pl\/kontakt\/informacje-dotyczace-przetwarzania-danych-osobowych-klauzule-tunz\/\" target=\"_blank\" rel=\"noopener\">Towarzystwo Ubezpiecze\u0144 na \u017bycie Warta S.A.<\/a><\/li>\n<li><a href=\"https:\/\/tuz.pl\/o-tuz\/informacje-o-przetwarzaniu-danych-osobowych\/\" target=\"_blank\" rel=\"noopener\">TUZ Towarzystwo Ubezpiecze\u0144 Wzajemnych<\/a><\/li>\n<li><a href=\"https:\/\/www.uniqa.pl\/dokumenty\/UK1_obow_inf_Klient_majatek.pdf\" target=\"_blank\" rel=\"noopener\">UNIQA Towarzystwo Ubezpiecze\u0144 S.A.<\/a><\/li>\n<li><a href=\"https:\/\/www.asist.pl\/wp-content\/uploads\/2022\/08\/WIENER_klauzula-informacyjna-RODO-na-polisy-i-oferty_11082022.pdf\" target=\"_blank\" rel=\"noopener\">Wiener Towarzystwo Ubezpiecze\u0144 S.A. Vienna Insurance Group<\/a><\/li>\n<\/ol>\t\t<\/div>\n\t\t\t\t<\/div>\n\t\t\t\t\t<\/div>\n\t\t<\/div>\n\t\t\t\t\t\t\t<\/div>\n\t\t<\/section>\n\t\t\t\t\t\t\t<\/div>\n\t\t","protected":false},"excerpt":{"rendered":"<p>Klauzule Informacyjne Compensa Towarzystwo Ubezpiecze\u0144 S.A. Vienna Insurance Group Compensa Towarzystwo Ubezpiecze\u0144 na \u017bycie S.A. Vienna Insurance Group Generali \u017bycie Towarzystwo Ubezpiecze\u0144 S.A. Generali Towarzystwo Ubezpiecze\u0144 S.A. (Proama) Interrisk Towarzystwo Ubezpiecze\u0144 S.A. Vienna Insurance Group Link4 Towarzystwo Ubezpiecze\u0144 S.A. Powszechny Zak\u0142ad Ubezpiecze\u0144 S.A. Powszechny Zak\u0142ad Ubezpiecze\u0144 na \u017bycie S.A. Sopockie Towarzystwo Ubezpiecze\u0144 Ergo Hestia S.A. Sopockie Towarzystwo Ubezpiecze\u0144 Ergo Hestia S.A.(MTU) Sopockie Towarzystwo Ubezpiecze\u0144 Ergo Hestia S.A.(YCD) Sopockie Towarzystwo Ubezpiecze\u0144 na \u017bycie ERGO Hestia S.A. Towarzystwo Ubezpiecze\u0144 INTER Polska S.A. Towarzystwo Ubezpiecze\u0144 INTER- \u017bYCIE Polska S.A. Towarzystwo Ubezpiecze\u0144 I Reasekuracji Allianz Polska S.A. Towarzystwo Ubezpiecze\u0144 I Reasekuracji Warta S.A. Towarzystwo\u2026<\/p>\n","protected":false},"author":1,"featured_media":0,"parent":0,"menu_order":0,"comment_status":"closed","ping_status":"closed","template":"","meta":{"_eb_attr":"","om_disable_all_campaigns":false,"_mi_skip_tracking":false,"_monsterinsights_sitenote_active":false,"_monsterinsights_sitenote_note":"","_monsterinsights_sitenote_category":0},"blocksy_meta":{"styles_descriptor":{"styles":{"desktop":"","tablet":"","mobile":""},"google_fonts":[],"version":5}},"aioseo_notices":[],"_links":{"self":[{"href":"https:\/\/anterisubezpieczenia.pl\/index.php\/wp-json\/wp\/v2\/pages\/1000"}],"collection":[{"href":"https:\/\/anterisubezpieczenia.pl\/index.php\/wp-json\/wp\/v2\/pages"}],"about":[{"href":"https:\/\/anterisubezpieczenia.pl\/index.php\/wp-json\/wp\/v2\/types\/page"}],"author":[{"embeddable":true,"href":"https:\/\/anterisubezpieczenia.pl\/index.php\/wp-json\/wp\/v2\/users\/1"}],"replies":[{"embeddable":true,"href":"https:\/\/anterisubezpieczenia.pl\/index.php\/wp-json\/wp\/v2\/comments?post=1000"}],"version-history":[{"count":5,"href":"https:\/\/anterisubezpieczenia.pl\/index.php\/wp-json\/wp\/v2\/pages\/1000\/revisions"}],"predecessor-version":[{"id":1486,"href":"https:\/\/anterisubezpieczenia.pl\/index.php\/wp-json\/wp\/v2\/pages\/1000\/revisions\/1486"}],"wp:attachment":[{"href":"https:\/\/anterisubezpieczenia.pl\/index.php\/wp-json\/wp\/v2\/media?parent=1000"}],"curies":[{"name":"wp","href":"https:\/\/api.w.org\/{rel}","templated":true}]}}